{"id":12,"date":"2019-01-16T13:46:04","date_gmt":"2019-01-16T13:46:04","guid":{"rendered":"https:\/\/abadiadeatxuri.com\/?page_id=12"},"modified":"2025-08-27T16:56:12","modified_gmt":"2025-08-27T16:56:12","slug":"bono-regalo","status":"publish","type":"page","link":"https:\/\/abadiadeatxuri.com\/es\/bono-regalo\/","title":{"rendered":"bono-regalo\/es\/"},"content":{"rendered":"\t<section class=\"section regala-venenum-page\" id=\"section_550544846\">\n\t\t<div class=\"bg section-bg fill bg-fill  bg-loaded\" >\n\n\t\t\t\n\t\t\t\n\t\t\t\n\n\t\t<\/div>\n\n\t\t\n\n\t\t<div class=\"section-content relative\">\n\t\t\t\n<div class=\"row\"  id=\"row-1147702569\">\n\n\t<div id=\"col-1530437408\" class=\"col small-12 large-12\"  >\n\t\t\t\t<div class=\"col-inner\"  >\n\t\t\t\n\t\t\t\n\t<div id=\"text-1577839903\" class=\"text\">\n\t\t\n<h2><span style=\"font-size: 150%;\">Regala <span class=\"bold\" style=\"color: #EC2E38\">La Abad\u00eda de Atxuri<\/span><\/span><\/h2>\n\t\t\n<style>\n#text-1577839903 {\n  text-align: center;\n}\n<\/style>\n\t<\/div>\n\t\n<div class=\"row align-middle row-solid\"  id=\"row-668989995\">\n\n\t<div id=\"col-1378980909\" class=\"col medium-6 small-12 large-6 small-col-first col-divided\"  >\n\t\t\t\t<div class=\"col-inner\"  >\n\t\t\t\n\t\t\t\n\t<div id=\"text-3566059525\" class=\"text\">\n\t\t\n<p style=\"text-align: left;\">Regala una experiencia \u00fanica, una manera diferente de conocer nuestro Museo.<\/p>\n<p>Elige entre la opci\u00f3n 1 y 2:<\/p>\n<p style=\"text-align: left;\">\u25c9 Opci\u00f3n 1. Un <strong>bono regalo<\/strong> que recibir\u00e1s en tu correo electr\u00f3nico<br \/>\u25c9 Opci\u00f3n 2. Una de las botellas que guardan el ant\u00eddoto para salvar a la Congregaci\u00f3n\u00a0<\/p>\n\t\t\n<style>\n#text-3566059525 {\n  text-align: left;\n}\n<\/style>\n\t<\/div>\n\t\n\t\t<\/div>\n\t\t\t\t\t<\/div>\n\n\t\n\n\t<div id=\"col-83253305\" class=\"col medium-6 small-12 large-6\"  >\n\t\t\t\t<div class=\"col-inner\"  >\n\t\t\t\n\t\t\t\n<p><span style=\"font-size: 140%;\"><strong><em>\u00a1Atenci\u00f3n!<\/em><\/strong><\/span><\/p>\n<p style=\"text-align: left;\">\u25c9 Nuestra botella con el ant\u00eddoto, solo se podr\u00e1 adquirir en el propio Museo<br \/>\u25c9 Coste adicional de 10 \u20ac<\/p>\n\t\t<\/div>\n\t\t\t\t\t<\/div>\n\n\t\n<\/div>\n\t<div id=\"gap-901221135\" class=\"gap-element clearfix\" style=\"display:block; height:auto;\">\n\t\t\n<style>\n#gap-901221135 {\n  padding-top: 80px;\n}\n<\/style>\n\t<\/div>\n\t\n<div class=\"row\"  id=\"row-1301300632\">\n\n\t<div id=\"col-427598935\" class=\"col small-12 large-12\"  >\n\t\t\t\t<div class=\"col-inner\"  >\n\t\t\t\n\t\t\t\n\t<div id=\"text-1958696959\" class=\"text\">\n\t\t\n<h3>Opci\u00f3n 1: Compra aqu\u00ed tu <span class=\"bold\" style=\"color: #ec2e38;\">Bono Regalo<\/span><\/h3>\n\t\t\n<style>\n#text-1958696959 {\n  text-align: center;\n}\n<\/style>\n\t<\/div>\n\t\n\n<div class=\"widget-iframe-content\" data-event-id=\"8ed7aa64\" data-app-url=\"https:\/\/www.ticketself.com\/\" data-event-url=\"https:\/\/www.ticketself.com\/event\/8ed7aa64?widget=1&isgift=1\"> Compra aqu\u00ed tus entradas<\/div> <script type=\"text\/javascript\" src=\"https:\/\/www.ticketself.com\/assets\/default\/js\/widget-multi-iframe.js\"><\/script>\n\n\t\t<\/div>\n\t\t\t\t\t<\/div>\n\n\t\n<\/div>\n\t<div id=\"gap-430664249\" class=\"gap-element clearfix\" style=\"display:block; height:auto;\">\n\t\t\n<style>\n#gap-430664249 {\n  padding-top: 80px;\n}\n<\/style>\n\t<\/div>\n\t\n\t<div id=\"text-374550947\" class=\"text\">\n\t\t\n<h3>Opci\u00f3n 2: Solicita tu <span class=\"bold\" style=\"color: #ec2e38;\">Botella con el ant\u00eddoto<\/span><\/h3>\n\t\t\n<style>\n#text-374550947 {\n  text-align: center;\n}\n<\/style>\n\t<\/div>\n\t\n<div class=\"row align-middle\"  id=\"row-843027327\">\n\n\n\t<div id=\"col-2049639652\" class=\"col medium-6 small-12 large-6 col-divided\"  >\n\t\t\t\t<div class=\"col-inner\"  >\n\t\t\t\n\t\t\t\n\n\t<div id=\"text-2932401923\" class=\"text\">\n\t\t\n\n<h2>Sorprende con nuestro Bono Regalo<br \/><span style=\"color: #ec2e38;\">\"La Abad\u00eda de Atxuri\"<\/span><\/h2>\n<p>Regala una experiencia \u00fanica, en la que adem\u00e1s de jugar y disfrutar de un juego diferente, conocer\u00e1s el convento Dominico de La Encarnaci\u00f3n. Un edificio con m\u00e1s de cinco siglos de historia y que desde 1995 alberga el <a href=\"https:\/\/eleizmuseoa.com\/\" target=\"_blank\" rel=\"nofollow noopener\">Museo de Arte Sacro de Bizkaia<\/a>.<\/p>\n\t\t\n<style>\n#text-2932401923 {\n  line-height: 1.5;\n  text-align: left;\n}\n<\/style>\n\t<\/div>\n\t\n<div class=\"row\"  id=\"row-430214720\">\n\n\n\t<div id=\"col-90326996\" class=\"col small-12 large-12\"  >\n\t\t\t\t<div class=\"col-inner text-left\"  >\n\t\t\t\n\t\t\t\n\n<a href=\"https:\/\/abadiadeatxuri.com\/es\/bono-regalo\/\" class=\"button primary is-large\" rel=\"nofollow\" style=\"border-radius:99px;padding:0px 30px 0px 30px;\">\n    <span>Comprar Bono Regalo<\/span>\n  <\/a>\n\n\n\n\t\t<\/div>\n\t\t\t\t\t<\/div>\n\n\t\n\n<\/div>\n\n\t\t<\/div>\n\t\t\t\t\n<style>\n#col-2049639652 > .col-inner {\n  padding: 0px 0px 0px 0px;\n}\n<\/style>\n\t<\/div>\n\n\t\n\n\t<div id=\"col-1205443788\" class=\"col medium-6 small-12 large-6\"  >\n\t\t\t\t<div class=\"col-inner\"  >\n\t\t\t\n\t\t\t\n\n\t<div class=\"img has-hover x md-x lg-x y md-y lg-y\" id=\"image_138956036\">\n\t\t\t\t\t\t\t\t<div class=\"img-inner dark\" >\n\t\t\t<img loading=\"lazy\" decoding=\"async\" width=\"900\" height=\"917\" src=\"https:\/\/abadiadeatxuri.com\/wp-content\/uploads\/2019\/12\/bono-regalo.jpg\" class=\"attachment-large size-large\" alt=\"Bono regalo escape room La Abad\u00eda de Atxuri | botellas con cheque regalo\" srcset=\"https:\/\/abadiadeatxuri.com\/wp-content\/uploads\/2019\/12\/bono-regalo.jpg 900w, https:\/\/abadiadeatxuri.com\/wp-content\/uploads\/2019\/12\/bono-regalo-294x300.jpg 294w, https:\/\/abadiadeatxuri.com\/wp-content\/uploads\/2019\/12\/bono-regalo-768x783.jpg 768w\" sizes=\"auto, (max-width: 900px) 100vw, 900px\" title=\"\">\t\t\t\t\t\t\n\t\t\t\t\t<\/div>\n\t\t\t\t\t\t\t\t\n<style>\n#image_138956036 {\n  width: 100%;\n}\n<\/style>\n\t<\/div>\n\t\n\n\n\t\t<\/div>\n\t\t\t\t\t<\/div>\n\n\t\n\n<\/div>\n\t\t<\/div>\n\t\t\t\t\t<\/div>\n\n\t\n<\/div>\n\t\t<\/div>\n\n\t\t\n<style>\n#section_550544846 {\n  padding-top: 30px;\n  padding-bottom: 30px;\n  background-color: rgb(242, 242, 242);\n}\n<\/style>\n\t<\/section>\n\t\n","protected":false},"excerpt":{"rendered":"","protected":false},"author":1,"featured_media":484,"parent":0,"menu_order":0,"comment_status":"closed","ping_status":"closed","template":"page-blank.php","meta":{"footnotes":""},"class_list":["post-12","page","type-page","status-publish","has-post-thumbnail","hentry"],"_links":{"self":[{"href":"https:\/\/abadiadeatxuri.com\/es\/wp-json\/wp\/v2\/pages\/12","targetHints":{"allow":["GET"]}}],"collection":[{"href":"https:\/\/abadiadeatxuri.com\/es\/wp-json\/wp\/v2\/pages"}],"about":[{"href":"https:\/\/abadiadeatxuri.com\/es\/wp-json\/wp\/v2\/types\/page"}],"author":[{"embeddable":true,"href":"https:\/\/abadiadeatxuri.com\/es\/wp-json\/wp\/v2\/users\/1"}],"replies":[{"embeddable":true,"href":"https:\/\/abadiadeatxuri.com\/es\/wp-json\/wp\/v2\/comments?post=12"}],"version-history":[{"count":42,"href":"https:\/\/abadiadeatxuri.com\/es\/wp-json\/wp\/v2\/pages\/12\/revisions"}],"predecessor-version":[{"id":1738,"href":"https:\/\/abadiadeatxuri.com\/es\/wp-json\/wp\/v2\/pages\/12\/revisions\/1738"}],"wp:featuredmedia":[{"embeddable":true,"href":"https:\/\/abadiadeatxuri.com\/es\/wp-json\/wp\/v2\/media\/484"}],"wp:attachment":[{"href":"https:\/\/abadiadeatxuri.com\/es\/wp-json\/wp\/v2\/media?parent=12"}],"curies":[{"name":"wp","href":"https:\/\/api.w.org\/{rel}","templated":true}]}}