{"id":14,"date":"2019-01-16T13:46:17","date_gmt":"2019-01-16T13:46:17","guid":{"rendered":"https:\/\/abadiadeatxuri.com\/?page_id=14"},"modified":"2025-12-22T21:21:42","modified_gmt":"2025-12-22T21:21:42","slug":"reservas","status":"publish","type":"page","link":"https:\/\/abadiadeatxuri.com\/es\/reservas\/","title":{"rendered":"Reservas\/es\/"},"content":{"rendered":"\t<section class=\"section dark\" id=\"section_1944504157\">\n\t\t<div class=\"bg section-bg fill bg-fill  bg-loaded\" >\n\n\t\t\t\n\t\t\t\n\t\t\t\n\n\t\t<\/div>\n\n\t\t\n\n\t\t<div class=\"section-content relative\">\n\t\t\t\n<div class=\"row\"  id=\"row-295780233\">\n\n\t<div id=\"col-317609769\" class=\"col medium-6 small-12 large-6\"  >\n\t\t\t\t<div class=\"col-inner\"  >\n\t\t\t\n\t\t\t\n<a href=\"#calendario-abadia\" class=\"button primary is-larger lowercase expand\"  >\n    <span>Reservar Room escape La Abad\u00eda de Atxuri<\/span>\n  <i class=\"icon-angle-down\" aria-hidden=\"true\" ><\/i><\/a>\n\n\t\t<\/div>\n\t\t\t\t\n<style>\n#col-317609769 > .col-inner {\n  padding: 0px 0px 0px 0px;\n  margin: 0px 0px 0px 0px;\n}\n<\/style>\n\t<\/div>\n\n\t\n\n\t<div id=\"col-1080235398\" class=\"col medium-6 small-12 large-6\"  >\n\t\t\t\t<div class=\"col-inner\"  >\n\t\t\t\n\t\t\t\n<a href=\"#calendario-viaje\" class=\"button secondary is-larger lowercase expand\"  >\n    <span>Reservar Hall escape Viaje a lo Desconocido<\/span>\n  <i class=\"icon-angle-down\" aria-hidden=\"true\" ><\/i><\/a>\n\n\t\t<\/div>\n\t\t\t\t\n<style>\n#col-1080235398 > .col-inner {\n  padding: 0px 0px 0px 0px;\n  margin: 0px 0px 0px 0px;\n}\n<\/style>\n\t<\/div>\n\n\t\n<\/div>\n\t\t<\/div>\n\n\t\t\n<style>\n#section_1944504157 {\n  padding-top: 0px;\n  padding-bottom: 0px;\n}\n<\/style>\n\t<\/section>\n\t\n\t<section class=\"section\" id=\"section_283011656\">\n\t\t<div class=\"bg section-bg fill bg-fill  bg-loaded\" >\n\n\t\t\t\n\t\t\t\n\t\t\t\n\n\t\t<\/div>\n\n\t\t\n\n\t\t<div class=\"section-content relative\">\n\t\t\t\n<span class=\"scroll-to\" data-label=\"Scroll to: #calendario-abadia\" data-bullet=\"true\" data-link=\"#calendario-abadia\" data-title=\"calendario abadia\" ><a name=\"calendario-abadia\"><\/a><\/span>\n<div class=\"row booking-title\"  id=\"row-543869138\">\n\n\t<div id=\"col-1951328574\" class=\"col small-12 large-12\"  >\n\t\t\t\t<div class=\"col-inner\"  >\n\t\t\t\n\t\t\t\n<h3>Reserva el juego<span class=\"bold\">\u00a0\u00abLa Abad\u00eda de Atxuri\u00bb<\/span><\/h3>\n<p>Para cualquier otra duda no reflejada en este apartado p\u00f3ngase en contacto con nosotros.<\/p>\n\t\t<\/div>\n\t\t\t\t\t<\/div>\n\n\t\n<\/div>\n<div class=\"row align-middle booking-columns\"  id=\"row-984882337\">\n\n\t<div id=\"col-964623685\" class=\"col medium-12 small-12 large-6\"  >\n\t\t\t\t<div class=\"col-inner\"  >\n\t\t\t\n\t\t\t\n<div class=\"row\"  id=\"row-898129297\">\n\n\t<div id=\"col-1497480985\" class=\"col small-12 large-12\"  >\n\t\t\t\t<div class=\"col-inner\"  >\n\t\t\t\n\t\t\t\n<div class=\"row\"  id=\"row-387081300\">\n\n\t<div id=\"col-1361463343\" class=\"col medium-2 small-12 large-2\"  >\n\t\t\t\t<div class=\"col-inner\"  >\n\t\t\t\n\t\t\t\n<p class=\"number-hall\">1<\/p>\n\t\t<\/div>\n\t\t\t\t\t<\/div>\n\n\t\n\n\t<div id=\"col-1745313825\" class=\"col medium-10 small-12 large-10\"  >\n\t\t\t\t<div class=\"col-inner\"  >\n\t\t\t\n\t\t\t\n<p><span style=\"font-size: 150%;\">\u00bfCu\u00e1ndo quieres venir?<\/span><\/p>\n<div class=\"text\">\n<div class=\"control\">\n<p>Elige una fecha que te encaje y aparecer\u00e1n las diferentes sesiones disponibles para ese d\u00eda. En <span style=\"color: #ed1c24;\">rojo<\/span> son las sesiones ocupadas y en <span style=\"color: #339966;\">verde<\/span> las que se pueden reservar.<\/p>\n<\/div>\n<\/div>\n\t\t<\/div>\n\t\t\t\t\t<\/div>\n\n\t\n<\/div>\n<div class=\"row\"  id=\"row-282179526\">\n\n\t<div id=\"col-966399675\" class=\"col medium-2 small-12 large-2\"  >\n\t\t\t\t<div class=\"col-inner\"  >\n\t\t\t\n\t\t\t\n<p class=\"number-hall\">2<\/p>\n\t\t<\/div>\n\t\t\t\t\t<\/div>\n\n\t\n\n\t<div id=\"col-344222259\" class=\"col medium-10 small-12 large-10\"  >\n\t\t\t\t<div class=\"col-inner\"  >\n\t\t\t\n\t\t\t\n<p class=\"title\"><span style=\"font-size: 150%;\">\u00bfCu\u00e1ntos participantes ser\u00e9is?<\/span><\/p>\n<p>A\u00f1ade el n\u00famero de participantes que visitar\u00e9is el convento. Si despu\u00e9s sois m\u00e1s, el resto de entradas se pagar\u00e1n en met\u00e1lico antes de jugar.<\/p>\n<p>El tama\u00f1o m\u00e1ximo de los grupos es de 6 personas. Recomendamos un tama\u00f1o m\u00e1ximo de 4 personas para disfrutar la experiencia de manera m\u00e1s completa.<\/p>\n<p>Si no est\u00e1is seguros del tama\u00f1o del grupo, recomendamos que hag\u00e1is la reserva para un n\u00famero menor y pagu\u00e9is el suplemento en el Museo. Si se hace la reserva para m\u00e1s personas, no se devolver\u00e1 el dinero de los que no acudan.<\/p>\n\t\t<\/div>\n\t\t\t\t\t<\/div>\n\n\t\n<\/div>\n<div class=\"row\"  id=\"row-262456034\">\n\n\t<div id=\"col-445831820\" class=\"col medium-2 small-12 large-2\"  >\n\t\t\t\t<div class=\"col-inner\"  >\n\t\t\t\n\t\t\t\n<p class=\"number-hall\">3<\/p>\n\t\t<\/div>\n\t\t\t\t\t<\/div>\n\n\t\n\n\t<div id=\"col-1595683826\" class=\"col medium-10 small-12 large-10\"  >\n\t\t\t\t<div class=\"col-inner\"  >\n\t\t\t\n\t\t\t\n<p class=\"title\"><span style=\"font-size: 150%;\">Confirma la reserva<\/span><\/p>\n<p>Recibir\u00e1s un @email con la fecha y hora para tu aventura.<\/p>\n\t\t<\/div>\n\t\t\t\t\n<style>\n#col-1595683826 > .col-inner {\n  padding: 0px 0px 0px 0px;\n  margin: 0px 0px 0px 0px;\n}\n<\/style>\n\t<\/div>\n\n\t\n<\/div>\n\t\t<\/div>\n\t\t\t\t\n<style>\n#col-1497480985 > .col-inner {\n  padding: 0px 0px 0px 0px;\n  margin: 0px 0px 0px 0px;\n}\n<\/style>\n\t<\/div>\n\n\t\n<\/div>\n\t\t<\/div>\n\t\t\t\t\t<\/div>\n\n\t\n\n\t<div id=\"col-114446200\" class=\"col medium-12 small-12 large-6\"  >\n\t\t\t\t<div class=\"col-inner\"  >\n\t\t\t\n\t\t\t\n\t<div id=\"text-2177486215\" class=\"text\">\n\t\t\n<div class=\"widget-iframe-content\" data-event-id=\"2eeeada1\" data-app-url=\"https:\/\/www.ticketself.com\/\" data-event-url=\"https:\/\/www.ticketself.com\/event\/2eeeada1?widget=1&widconf=284\"> Compra aqu\u00ed tus entradas<\/div> <script type=\"text\/javascript\" src=\"https:\/\/www.ticketself.com\/assets\/default\/js\/widget-multi-iframe.js\"><\/script>\n\t\t\n<style>\n#text-2177486215 {\n  font-size: 2.35rem;\n  text-align: center;\n  color: #ec2e38;\n}\n#text-2177486215 > * {\n  color: #ec2e38;\n}\n<\/style>\n\t<\/div>\n\t\n\t\t<\/div>\n\t\t\t\t\t<\/div>\n\n\t\n<\/div>\n<div class=\"text-center\"><div class=\"is-divider divider clearfix\" style=\"max-width:300px;background-color:#e6e6e6;\"><\/div><\/div>\n\t\t<\/div>\n\n\t\t\n<style>\n#section_283011656 {\n  padding-top: 30px;\n  padding-bottom: 30px;\n  background-color: rgb(242, 242, 242);\n}\n<\/style>\n\t<\/section>\n\t\n\t<section class=\"section\" id=\"section_152753717\">\n\t\t<div class=\"bg section-bg fill bg-fill  bg-loaded\" >\n\n\t\t\t\n\t\t\t\n\t\t\t\n\n\t\t<\/div>\n\n\t\t\n\n\t\t<div class=\"section-content relative\">\n\t\t\t\n<span class=\"scroll-to\" data-label=\"Scroll to: #calendario-viaje\" data-bullet=\"true\" data-link=\"#calendario-viaje\" data-title=\"calendario viaje\" ><a name=\"calendario-viaje\"><\/a><\/span>\n<div class=\"row booking-title\"  id=\"row-289461151\">\n\n\t<div id=\"col-942352426\" class=\"col small-12 large-12\"  >\n\t\t\t\t<div class=\"col-inner\"  >\n\t\t\t\n\t\t\t\n<h3>Reserva el juego<span class=\"bold\" style=\"color: #f20faf;\"> \u00abViaje a lo desconocido\u00bb<\/span><\/h3>\n<p>Para cualquier otra duda no reflejada en este apartado p\u00f3ngase en contacto con nosotros.<\/p>\n\t\t<\/div>\n\t\t\t\t\t<\/div>\n\n\t\n<\/div>\n<div class=\"row booking-columns\"  id=\"row-1222162723\">\n\n\t<div id=\"col-803685804\" class=\"col medium-12 small-12 large-6\"  >\n\t\t\t\t<div class=\"col-inner\"  >\n\t\t\t\n\t\t\t\n<div class=\"row\"  id=\"row-818183516\">\n\n\t<div id=\"col-2046635506\" class=\"col small-12 large-12\"  >\n\t\t\t\t<div class=\"col-inner\"  >\n\t\t\t\n\t\t\t\n<div class=\"row\"  id=\"row-806690938\">\n\n\t<div id=\"col-1058463352\" class=\"col medium-2 small-12 large-2\"  >\n\t\t\t\t<div class=\"col-inner\"  >\n\t\t\t\n\t\t\t\n<p class=\"number-hall\">1<\/p>\n\t\t<\/div>\n\t\t\t\t\t<\/div>\n\n\t\n\n\t<div id=\"col-1249964995\" class=\"col medium-10 small-12 large-10\"  >\n\t\t\t\t<div class=\"col-inner\"  >\n\t\t\t\n\t\t\t\n<p><span style=\"font-size: 150%;\">\u00bfCu\u00e1ndo quieres venir?<\/span><\/p>\n<div class=\"text\">\n<div class=\"control\">\n<p>Elige una fecha que te encaje y aparecer\u00e1n las diferentes sesiones disponibles para ese d\u00eda. En <span style=\"color: #ed1c24;\">rojo<\/span> son las sesiones ocupadas y en <span style=\"color: #339966;\">verde<\/span> las que se pueden reservar.<\/p>\n<\/div>\n<\/div>\n\t\t<\/div>\n\t\t\t\t\t<\/div>\n\n\t\n<\/div>\n<div class=\"row\"  id=\"row-1869155317\">\n\n\t<div id=\"col-720997562\" class=\"col medium-2 small-12 large-2\"  >\n\t\t\t\t<div class=\"col-inner\"  >\n\t\t\t\n\t\t\t\n<p class=\"number-hall\">2<\/p>\n\t\t<\/div>\n\t\t\t\t\t<\/div>\n\n\t\n\n\t<div id=\"col-901284346\" class=\"col medium-10 small-12 large-10\"  >\n\t\t\t\t<div class=\"col-inner\"  >\n\t\t\t\n\t\t\t\n<p class=\"title\"><span style=\"font-size: 150%;\">\u00bfCu\u00e1ntos participantes ser\u00e9is?<\/span><\/p>\n<p>A\u00f1ade el n\u00famero de participantes que visitar\u00e9is el convento. Si despu\u00e9s sois m\u00e1s, el resto de entradas se pagar\u00e1n en met\u00e1lico antes de jugar.<\/p>\n<p>El tama\u00f1o de los grupos es entre 6 y 12 personas, si hubiera alg\u00fan caso especial de otro tama\u00f1o de grupo (ya sea menos de 6 o m\u00e1s de 12) se puede comentar.<\/p>\n<p>Si no est\u00e1is seguros del tama\u00f1o del grupo, recomendamos que hag\u00e1is la reserva para un n\u00famero menor y pagu\u00e9is el suplemento en el Museo. Si se hace la reserva para m\u00e1s personas, no se devolver\u00e1 el dinero de los que no acudan.<\/p>\n\t\t<\/div>\n\t\t\t\t\t<\/div>\n\n\t\n<\/div>\n<div class=\"row\"  id=\"row-1948434949\">\n\n\t<div id=\"col-122646824\" class=\"col medium-2 small-12 large-2\"  >\n\t\t\t\t<div class=\"col-inner\"  >\n\t\t\t\n\t\t\t\n<p class=\"number-hall\">3<\/p>\n\t\t<\/div>\n\t\t\t\t\t<\/div>\n\n\t\n\n\t<div id=\"col-1061106487\" class=\"col medium-10 small-12 large-10\"  >\n\t\t\t\t<div class=\"col-inner\"  >\n\t\t\t\n\t\t\t\n<p class=\"title\"><span style=\"font-size: 150%;\">Confirma la reserva<\/span><\/p>\n<p>Recibir\u00e1s un @email con la fecha y hora para tu aventura.<\/p>\n\t\t<\/div>\n\t\t\t\t\n<style>\n#col-1061106487 > .col-inner {\n  padding: 0px 0px 0px 0px;\n  margin: 0px 0px 0px 0px;\n}\n<\/style>\n\t<\/div>\n\n\t\n<\/div>\n\t\t<\/div>\n\t\t\t\t\n<style>\n#col-2046635506 > .col-inner {\n  padding: 0px 0px 0px 0px;\n  margin: 0px 0px 0px 0px;\n}\n<\/style>\n\t<\/div>\n\n\t\n<\/div>\n\t\t<\/div>\n\t\t\t\t\t<\/div>\n\n\t\n\n\t<div id=\"col-1365279378\" class=\"col medium-12 small-12 large-6\"  >\n\t\t\t\t<div class=\"col-inner\"  >\n\t\t\t\n\t\t\t\n<div class=\"widget-iframe-content\" data-event-id=\"f7902617\" data-app-url=\"https:\/\/www.ticketself.com\/\" data-event-url=\"https:\/\/www.ticketself.com\/event\/f7902617?widget=1&hidegift=true&widconf=284\"> Compra aqu\u00ed tus entradas<\/div> <script type=\"text\/javascript\" src=\"https:\/\/www.ticketself.com\/assets\/default\/js\/widget-multi-iframe.js\"><\/script>\n\t\t<\/div>\n\t\t\t\t\t<\/div>\n\n\t\n<\/div>\n\t\t<\/div>\n\n\t\t\n<style>\n#section_152753717 {\n  padding-top: 30px;\n  padding-bottom: 30px;\n  background-color: rgb(242, 242, 242);\n}\n<\/style>\n\t<\/section>\n\t\n","protected":false},"excerpt":{"rendered":"","protected":false},"author":1,"featured_media":896,"parent":0,"menu_order":0,"comment_status":"closed","ping_status":"closed","template":"page-blank.php","meta":{"footnotes":""},"class_list":["post-14","page","type-page","status-publish","has-post-thumbnail","hentry"],"_links":{"self":[{"href":"https:\/\/abadiadeatxuri.com\/es\/wp-json\/wp\/v2\/pages\/14","targetHints":{"allow":["GET"]}}],"collection":[{"href":"https:\/\/abadiadeatxuri.com\/es\/wp-json\/wp\/v2\/pages"}],"about":[{"href":"https:\/\/abadiadeatxuri.com\/es\/wp-json\/wp\/v2\/types\/page"}],"author":[{"embeddable":true,"href":"https:\/\/abadiadeatxuri.com\/es\/wp-json\/wp\/v2\/users\/1"}],"replies":[{"embeddable":true,"href":"https:\/\/abadiadeatxuri.com\/es\/wp-json\/wp\/v2\/comments?post=14"}],"version-history":[{"count":67,"href":"https:\/\/abadiadeatxuri.com\/es\/wp-json\/wp\/v2\/pages\/14\/revisions"}],"predecessor-version":[{"id":2038,"href":"https:\/\/abadiadeatxuri.com\/es\/wp-json\/wp\/v2\/pages\/14\/revisions\/2038"}],"wp:featuredmedia":[{"embeddable":true,"href":"https:\/\/abadiadeatxuri.com\/es\/wp-json\/wp\/v2\/media\/896"}],"wp:attachment":[{"href":"https:\/\/abadiadeatxuri.com\/es\/wp-json\/wp\/v2\/media?parent=14"}],"curies":[{"name":"wp","href":"https:\/\/api.w.org\/{rel}","templated":true}]}}