{"id":8,"date":"2019-01-16T13:45:36","date_gmt":"2019-01-16T13:45:36","guid":{"rendered":"https:\/\/abadiadeatxuri.com\/?page_id=8"},"modified":"2025-08-27T10:55:39","modified_gmt":"2025-08-27T10:55:39","slug":"donde-esta-el-monasterio","status":"publish","type":"page","link":"https:\/\/abadiadeatxuri.com\/es\/donde-esta-el-monasterio\/","title":{"rendered":"Contacto\/es\/"},"content":{"rendered":"\t<section class=\"section\" id=\"section_272216993\">\n\t\t<div class=\"bg section-bg fill bg-fill  bg-loaded\" >\n\n\t\t\t\n\t\t\t\n\t\t\t\n\n\t\t<\/div>\n\n\t\t\n\n\t\t<div class=\"section-content relative\">\n\t\t\t\n<div class=\"row\"  id=\"row-1460258819\">\n\n\t<div id=\"col-1750034756\" class=\"col medium-6 small-12 large-6 small-col-first\"  >\n\t\t\t\t<div class=\"col-inner\"  >\n\t\t\t\n\t\t\t\n\t<div id=\"text-1876259436\" class=\"text contact-page-2\">\n\t\t\n<h2>Plazuela de <span class=\"bold\"><span style=\"color: #ff0000;\">la Encarnaci\u00f3n<\/span><\/span><\/h2>\n\t\t\n<style>\n#text-1876259436 {\n  font-size: 2.5rem;\n  line-height: 1.25;\n  text-align: left;\n}\n<\/style>\n\t<\/div>\n\t\n\t\t<\/div>\n\t\t\t\t\t<\/div>\n\n\t\n\n\t<div id=\"col-504254332\" class=\"col medium-6 small-12 large-6\"  >\n\t\t\t\t<div class=\"col-inner\"  >\n\t\t\t\n\t\t\t\n\t<div id=\"text-46795279\" class=\"text contact-page-2\">\n\t\t\n<blockquote>\n<p style=\"text-align: left;\">Esta aventura \u00fanica se encuentra en el interior del Museo de Arte Sacro de Bizkaia, en la Plaza de la Encarnaci\u00f3n, en pleno coraz\u00f3n del barrio de Atxuri.<\/p>\n<\/blockquote>\n<p style=\"text-align: left;\">\u00a0\u25c9\u00a0 A tan s\u00f3lo 9 minutos caminando desde el metro de la Plaza de Unamuno.<\/p>\n<p style=\"text-align: left;\">\u00a0\u25c9\u00a0 Enfrente del Museo tenemos la parada del tranv\u00eda: \u00abAtxuri\u00bb<\/p>\n\t\t\n<style>\n#text-46795279 {\n  text-align: center;\n}\n<\/style>\n\t<\/div>\n\t\n\t\t<\/div>\n\t\t\t\t\n<style>\n#col-504254332 > .col-inner {\n  padding: 0px 100px 0px 100px;\n}\n<\/style>\n\t<\/div>\n\n\t\n\n\t<div id=\"col-1732824918\" class=\"col small-12 large-12\"  >\n\t\t\t\t<div class=\"col-inner\"  >\n\t\t\t\n\t\t\t\n\t<div class=\"img has-hover x md-x lg-x y md-y lg-y\" id=\"image_335178996\">\n\t\t\t\t\t\t\t\t<div class=\"img-inner dark\" >\n\t\t\t<img loading=\"lazy\" decoding=\"async\" width=\"1500\" height=\"600\" src=\"https:\/\/abadiadeatxuri.com\/wp-content\/uploads\/2025\/07\/la-abadia-de-atxuri-donde-esta-escape-room.jpg\" class=\"attachment-original size-original\" alt=\"La Abad\u00eda de Atxuri | dibujo de mapa de situaci\u00f3n del escape room en Bilbao\" srcset=\"https:\/\/abadiadeatxuri.com\/wp-content\/uploads\/2025\/07\/la-abadia-de-atxuri-donde-esta-escape-room.jpg 1500w, https:\/\/abadiadeatxuri.com\/wp-content\/uploads\/2025\/07\/la-abadia-de-atxuri-donde-esta-escape-room-300x120.jpg 300w, https:\/\/abadiadeatxuri.com\/wp-content\/uploads\/2025\/07\/la-abadia-de-atxuri-donde-esta-escape-room-1024x410.jpg 1024w, https:\/\/abadiadeatxuri.com\/wp-content\/uploads\/2025\/07\/la-abadia-de-atxuri-donde-esta-escape-room-768x307.jpg 768w\" sizes=\"auto, (max-width: 1500px) 100vw, 1500px\" title=\"\">\t\t\t\t\t\t\n\t\t\t\t\t<\/div>\n\t\t\t\t\t\t\t\t\n<style>\n#image_335178996 {\n  width: 100%;\n}\n<\/style>\n\t<\/div>\n\t\n\t\t<\/div>\n\t\t\t\t\t<\/div>\n\n\t\n<\/div>\n\t\t<\/div>\n\n\t\t\n<style>\n#section_272216993 {\n  padding-top: 30px;\n  padding-bottom: 30px;\n}\n<\/style>\n\t<\/section>\n\t\n","protected":false},"excerpt":{"rendered":"","protected":false},"author":1,"featured_media":0,"parent":0,"menu_order":0,"comment_status":"closed","ping_status":"closed","template":"page-blank.php","meta":{"footnotes":""},"class_list":["post-8","page","type-page","status-publish","hentry"],"_links":{"self":[{"href":"https:\/\/abadiadeatxuri.com\/es\/wp-json\/wp\/v2\/pages\/8","targetHints":{"allow":["GET"]}}],"collection":[{"href":"https:\/\/abadiadeatxuri.com\/es\/wp-json\/wp\/v2\/pages"}],"about":[{"href":"https:\/\/abadiadeatxuri.com\/es\/wp-json\/wp\/v2\/types\/page"}],"author":[{"embeddable":true,"href":"https:\/\/abadiadeatxuri.com\/es\/wp-json\/wp\/v2\/users\/1"}],"replies":[{"embeddable":true,"href":"https:\/\/abadiadeatxuri.com\/es\/wp-json\/wp\/v2\/comments?post=8"}],"version-history":[{"count":41,"href":"https:\/\/abadiadeatxuri.com\/es\/wp-json\/wp\/v2\/pages\/8\/revisions"}],"predecessor-version":[{"id":1726,"href":"https:\/\/abadiadeatxuri.com\/es\/wp-json\/wp\/v2\/pages\/8\/revisions\/1726"}],"wp:attachment":[{"href":"https:\/\/abadiadeatxuri.com\/es\/wp-json\/wp\/v2\/media?parent=8"}],"curies":[{"name":"wp","href":"https:\/\/api.w.org\/{rel}","templated":true}]}}